{"id":3666,"date":"2016-02-04T10:10:43","date_gmt":"2016-02-04T10:10:43","guid":{"rendered":"http:\/\/www.onionprocess.com\/es\/?page_id=3666"},"modified":"2016-02-04T10:10:43","modified_gmt":"2016-02-04T10:10:43","slug":"acerca-de-nosotros","status":"publish","type":"page","link":"https:\/\/www.onionprocess.com\/es\/acerca-de-nosotros\/","title":{"rendered":"Acerca de nosotros"},"content":{"rendered":"<p><strong>Cebolla profesional de la m\u00e1quina de procesamiento del proveedor<\/strong><\/p>\n<p>Nuestra f\u00e1brica es empresa, ubicada en medio de China. con un c\u00f3modo ir y venir y la ubicaci\u00f3n geogr\u00e1fica ventajosa. Con una superficie de 36.000 metros cuadrados, la empresa, con una inversi\u00f3n total de 180 millones de RMB en el proyecto.<\/p>\n<p>Al cumplir con el principio de la gesti\u00f3n cient\u00edfica y la honestidad y el cr\u00e9dito, nuestra f\u00e1brica ha pasado ISO9001-2000 certificaci\u00f3n del sistema de calidad. Ahora, nuestra f\u00e1brica puede proporcionar m\u00e1quina de cebolla limpieza en seco, cebolla m\u00e1quina de lavado con agua, malla m\u00e1quina de bolsa de envasado de cebolla, cebolla m\u00e1quina de pelar, m\u00e1quina de corte de ra\u00edz de cebolla, m\u00e1quina de corte de la cebolla, la m\u00e1quina secadora de cebolla, l\u00ednea de producci\u00f3n de polvo de cebolla, cebolla de llenado de botellas polvo de la m\u00e1quina de sellado .<\/p>\n<p>Nuestros productos de elaboraci\u00f3n de la cebolla han pasado con el CE, ISO y certificados SGS. Nuestros productos son ampliamente vendidos en todo el mundo.<\/p>\n<p>Consideramos que la \u00abalta calidad y credibilidad\u00bb como nuestro principio fundamental y el objetivo a perseguir una posici\u00f3n de liderazgo en este campo.<\/p>\n<p>Damos la bienvenida a cooperar con nosotros. Un nuevo futuro en el material de construcci\u00f3n se realizar\u00e1. Por favor no dude en contactar con nosotros para m\u00e1s informaci\u00f3n.<\/p>\n\n<div class=\"wpcf7 no-js\" id=\"wpcf7-f4-o1\" lang=\"en-US\" dir=\"ltr\" data-wpcf7-id=\"4\">\n<div class=\"screen-reader-response\"><p role=\"status\" aria-live=\"polite\" aria-atomic=\"true\"><\/p> <ul><\/ul><\/div>\n<form action=\"\/es\/wp-json\/wp\/v2\/pages\/3666#wpcf7-f4-o1\" method=\"post\" class=\"wpcf7-form init\" aria-label=\"Contact form\" novalidate=\"novalidate\" data-status=\"init\">\n<fieldset class=\"hidden-fields-container\"><input type=\"hidden\" name=\"_wpcf7\" value=\"4\" \/><input type=\"hidden\" name=\"_wpcf7_version\" value=\"6.1.5\" \/><input type=\"hidden\" name=\"_wpcf7_locale\" value=\"en_US\" \/><input type=\"hidden\" name=\"_wpcf7_unit_tag\" value=\"wpcf7-f4-o1\" \/><input type=\"hidden\" name=\"_wpcf7_container_post\" value=\"0\" \/><input type=\"hidden\" name=\"_wpcf7_posted_data_hash\" value=\"\" \/>\n<\/fieldset>\n<div id=\"inquiryForm\">\n\t<h2>Send Us Inquiry to Get Quotation\n\t<\/h2>\n\t<p>Please enter your contact information and the details you want to know about our product.\n\t<\/p>\n\t<p>Your Name (required)\n\t<\/p>\n\t<p><span class=\"wpcf7-form-control-wrap\" data-name=\"your-name\"><input size=\"40\" maxlength=\"400\" class=\"wpcf7-form-control wpcf7-text wpcf7-validates-as-required\" aria-required=\"true\" aria-invalid=\"false\" value=\"\" type=\"text\" name=\"your-name\" \/><\/span>\n\t<\/p>\n\t<p>Your Email (required)\n\t<\/p>\n\t<p><span class=\"wpcf7-form-control-wrap\" data-name=\"your-email\"><input size=\"40\" maxlength=\"400\" class=\"wpcf7-form-control wpcf7-email wpcf7-validates-as-required wpcf7-text wpcf7-validates-as-email\" aria-required=\"true\" aria-invalid=\"false\" value=\"\" type=\"email\" name=\"your-email\" \/><\/span>\n\t<\/p>\n\t<p>Country\n\t<\/p>\n\t<p><span class=\"wpcf7-form-control-wrap\" data-name=\"your-country\"><input size=\"40\" maxlength=\"400\" class=\"wpcf7-form-control wpcf7-text\" aria-invalid=\"false\" placeholder=\"Tell us Your Country\" value=\"\" type=\"text\" name=\"your-country\" \/><\/span>\n\t<\/p>\n\t<p>WhatsApp\n\t<\/p>\n\t<p><span class=\"wpcf7-form-control-wrap\" data-name=\"your-whatsapp\"><input size=\"40\" maxlength=\"400\" class=\"wpcf7-form-control wpcf7-text\" aria-invalid=\"false\" placeholder=\"Your WhatsApp ID with Country Code\" value=\"\" type=\"text\" name=\"your-whatsapp\" \/><\/span>\n\t<\/p>\n\t<p>Subject\n\t<\/p>\n\t<p><span class=\"wpcf7-form-control-wrap\" data-name=\"your-subject\"><input size=\"40\" maxlength=\"400\" class=\"wpcf7-form-control wpcf7-text\" aria-invalid=\"false\" value=\"\" type=\"text\" name=\"your-subject\" \/><\/span>\n\t<\/p>\n\t<p>Your Message\n\t<\/p>\n\t<p><span class=\"wpcf7-form-control-wrap\" data-name=\"your-message\"><textarea cols=\"40\" rows=\"10\" maxlength=\"2000\" class=\"wpcf7-form-control wpcf7-textarea\" aria-invalid=\"false\" placeholder=\"please specify your detail requirement here\" name=\"your-message\"><\/textarea><\/span>\n\t<\/p>\n\t<p><input class=\"wpcf7-form-control wpcf7-submit has-spinner\" type=\"submit\" value=\"Send\" \/>\n\t<\/p>\n<\/div><p style=\"display: none !important;\" class=\"akismet-fields-container\" data-prefix=\"_wpcf7_ak_\"><label>&#916;<textarea name=\"_wpcf7_ak_hp_textarea\" cols=\"45\" rows=\"8\" maxlength=\"100\"><\/textarea><\/label><input type=\"hidden\" id=\"ak_js_1\" name=\"_wpcf7_ak_js\" value=\"65\"\/><script type=\"text\/javascript\">\n\/* <![CDATA[ *\/\ndocument.getElementById( \"ak_js_1\" ).setAttribute( \"value\", ( new Date() ).getTime() );\n\/* ]]> *\/\n<\/script>\n<\/p><div class=\"wpcf7-response-output\" aria-hidden=\"true\"><\/div>\n<\/form>\n<\/div>\n\n","protected":false},"excerpt":{"rendered":"<p>Cebolla profesional de la m\u00e1quina de procesamiento del proveedor Nuestra f\u00e1brica es empresa, ubicada en medio de China. con un c\u00f3modo ir y venir y la ubicaci\u00f3n geogr\u00e1fica ventajosa. Con una superficie de 36.000 metros cuadrados, la empresa, con una inversi\u00f3n total de 180 millones de RMB en el proyecto. Al cumplir con el principio de la gesti\u00f3n cient\u00edfica y la honestidad y el cr\u00e9dito, nuestra f\u00e1brica ha pasado ISO9001-2000 certificaci\u00f3n del sistema de calidad. Ahora, nuestra f\u00e1brica puede proporcionar m\u00e1quina de cebolla limpieza en seco, cebolla m\u00e1quina de lavado con agua, malla m\u00e1quina de bolsa de envasado de cebolla, cebolla m\u00e1quina de pelar, m\u00e1quina de corte de ra\u00edz de cebolla, m\u00e1quina de corte de la cebolla, la m\u00e1quina secadora de cebolla, l\u00ednea de producci\u00f3n de polvo de cebolla, cebolla de llenado de botellas polvo de la m\u00e1quina de sellado . Nuestros productos de elaboraci\u00f3n de la cebolla han pasado con el CE, ISO y certificados SGS. Nuestros productos son &#8230;<\/p>\n","protected":false},"author":1,"featured_media":0,"parent":0,"menu_order":0,"comment_status":"closed","ping_status":"closed","template":"","meta":{"footnotes":""},"class_list":["post-3666","page","type-page","status-publish","hentry"],"aioseo_notices":[],"_links":{"self":[{"href":"https:\/\/www.onionprocess.com\/es\/wp-json\/wp\/v2\/pages\/3666","targetHints":{"allow":["GET"]}}],"collection":[{"href":"https:\/\/www.onionprocess.com\/es\/wp-json\/wp\/v2\/pages"}],"about":[{"href":"https:\/\/www.onionprocess.com\/es\/wp-json\/wp\/v2\/types\/page"}],"author":[{"embeddable":true,"href":"https:\/\/www.onionprocess.com\/es\/wp-json\/wp\/v2\/users\/1"}],"replies":[{"embeddable":true,"href":"https:\/\/www.onionprocess.com\/es\/wp-json\/wp\/v2\/comments?post=3666"}],"version-history":[{"count":0,"href":"https:\/\/www.onionprocess.com\/es\/wp-json\/wp\/v2\/pages\/3666\/revisions"}],"wp:attachment":[{"href":"https:\/\/www.onionprocess.com\/es\/wp-json\/wp\/v2\/media?parent=3666"}],"curies":[{"name":"wp","href":"https:\/\/api.w.org\/{rel}","templated":true}]}}