{"id":3667,"date":"2016-02-04T10:10:45","date_gmt":"2016-02-04T10:10:45","guid":{"rendered":"http:\/\/www.onionprocess.com\/pt-pt\/?page_id=3667"},"modified":"2016-02-04T10:10:45","modified_gmt":"2016-02-04T10:10:45","slug":"sobre-nos","status":"publish","type":"page","link":"https:\/\/www.onionprocess.com\/pt-pt\/sobre-nos\/","title":{"rendered":"Sobre n\u00f3s"},"content":{"rendered":"<p><strong>Cebola Professional m\u00e1quina de processamento Fornecedor<\/strong><\/p>\n<p>Nossa f\u00e1brica \u00e9 a empresa, localizada no Oriente China. com conveniente ir e vir e localiza\u00e7\u00e3o geogr\u00e1fica vantajosa. Cobrindo uma \u00e1rea de 36.000 metros quadrados, a empresa, com investimento total de RMB 180 milh\u00f5es no projeto.<\/p>\n<p>Aderindo ao princ\u00edpio de gest\u00e3o cient\u00edfica e honestidade e de cr\u00e9dito, nossa f\u00e1brica passou ISO9001-2000 certifica\u00e7\u00e3o do sistema de qualidade. Agora, a nossa f\u00e1brica pode fornecer cebola m\u00e1quina de limpeza a seco, cebola m\u00e1quina de lavar roupa de \u00e1gua, cebola malha saco m\u00e1quina de embalagem, m\u00e1quina de descascar cebola, cebola m\u00e1quina de corte de raiz, m\u00e1quina de cebola de corte, m\u00e1quina de secar roupa cebola, linha de produ\u00e7\u00e3o de cebola em p\u00f3, cebola em p\u00f3 enchimento de garrafas de selagem .<\/p>\n<p>Nossos produtos de processamento de cebola passaram com CE, ISO e certificados do GV. Nossos produtos s\u00e3o amplamente vendidos em todo o mundo.<\/p>\n<p>N\u00f3s consideramos &#8220;de alta qualidade e credibilidade&#8221;, como nosso princ\u00edpio fundamental e visam a prossecu\u00e7\u00e3o de uma posi\u00e7\u00e3o de lideran\u00e7a neste campo.<\/p>\n<p>Convidamos voc\u00ea para cooperar connosco. Um novo futuro, no material de constru\u00e7\u00e3o ser\u00e3o realizados. Por favor, n\u00e3o hesite em contactar-nos para mais informa\u00e7\u00f5es.<\/p>\n<h3><span style=\"color: #444444; font-size: 12px;\">\n<div class=\"wpcf7 no-js\" id=\"wpcf7-f4-o1\" lang=\"en-US\" dir=\"ltr\" data-wpcf7-id=\"4\">\n<div class=\"screen-reader-response\"><p role=\"status\" aria-live=\"polite\" aria-atomic=\"true\"><\/p> <ul><\/ul><\/div>\n<form action=\"\/pt-pt\/wp-json\/wp\/v2\/pages\/3667#wpcf7-f4-o1\" method=\"post\" class=\"wpcf7-form init\" aria-label=\"Contact form\" novalidate=\"novalidate\" data-status=\"init\">\n<fieldset class=\"hidden-fields-container\"><input type=\"hidden\" name=\"_wpcf7\" value=\"4\" \/><input type=\"hidden\" name=\"_wpcf7_version\" value=\"6.1.5\" \/><input type=\"hidden\" name=\"_wpcf7_locale\" value=\"en_US\" \/><input type=\"hidden\" name=\"_wpcf7_unit_tag\" value=\"wpcf7-f4-o1\" \/><input type=\"hidden\" name=\"_wpcf7_container_post\" value=\"0\" \/><input type=\"hidden\" name=\"_wpcf7_posted_data_hash\" value=\"\" \/>\n<\/fieldset>\n<div id=\"inquiryForm\">\n\t<h2>Send Us Inquiry to Get Quotation\n\t<\/h2>\n\t<p>Please enter your contact information and the details you want to know about our product.\n\t<\/p>\n\t<p>Your Name (required)\n\t<\/p>\n\t<p><span class=\"wpcf7-form-control-wrap\" data-name=\"your-name\"><input size=\"40\" maxlength=\"400\" class=\"wpcf7-form-control wpcf7-text wpcf7-validates-as-required\" aria-required=\"true\" aria-invalid=\"false\" value=\"\" type=\"text\" name=\"your-name\" \/><\/span>\n\t<\/p>\n\t<p>Your Email (required)\n\t<\/p>\n\t<p><span class=\"wpcf7-form-control-wrap\" data-name=\"your-email\"><input size=\"40\" maxlength=\"400\" class=\"wpcf7-form-control wpcf7-email wpcf7-validates-as-required wpcf7-text wpcf7-validates-as-email\" aria-required=\"true\" aria-invalid=\"false\" value=\"\" type=\"email\" name=\"your-email\" \/><\/span>\n\t<\/p>\n\t<p>Country\n\t<\/p>\n\t<p><span class=\"wpcf7-form-control-wrap\" data-name=\"your-country\"><input size=\"40\" maxlength=\"400\" class=\"wpcf7-form-control wpcf7-text\" aria-invalid=\"false\" placeholder=\"Tell us Your Country\" value=\"\" type=\"text\" name=\"your-country\" \/><\/span>\n\t<\/p>\n\t<p>WhatsApp\n\t<\/p>\n\t<p><span class=\"wpcf7-form-control-wrap\" data-name=\"your-whatsapp\"><input size=\"40\" maxlength=\"400\" class=\"wpcf7-form-control wpcf7-text\" aria-invalid=\"false\" placeholder=\"Your WhatsApp ID with Country Code\" value=\"\" type=\"text\" name=\"your-whatsapp\" \/><\/span>\n\t<\/p>\n\t<p>Subject\n\t<\/p>\n\t<p><span class=\"wpcf7-form-control-wrap\" data-name=\"your-subject\"><input size=\"40\" maxlength=\"400\" class=\"wpcf7-form-control wpcf7-text\" aria-invalid=\"false\" value=\"\" type=\"text\" name=\"your-subject\" \/><\/span>\n\t<\/p>\n\t<p>Your Message\n\t<\/p>\n\t<p><span class=\"wpcf7-form-control-wrap\" data-name=\"your-message\"><textarea cols=\"40\" rows=\"10\" maxlength=\"2000\" class=\"wpcf7-form-control wpcf7-textarea\" aria-invalid=\"false\" placeholder=\"please specify your detail requirement here\" name=\"your-message\"><\/textarea><\/span>\n\t<\/p>\n\t<p><input class=\"wpcf7-form-control wpcf7-submit has-spinner\" type=\"submit\" value=\"Send\" \/>\n\t<\/p>\n<\/div><p style=\"display: none !important;\" class=\"akismet-fields-container\" data-prefix=\"_wpcf7_ak_\"><label>&#916;<textarea name=\"_wpcf7_ak_hp_textarea\" cols=\"45\" rows=\"8\" maxlength=\"100\"><\/textarea><\/label><input type=\"hidden\" id=\"ak_js_1\" name=\"_wpcf7_ak_js\" value=\"104\"\/><script type=\"text\/javascript\">\n\/* <![CDATA[ *\/\ndocument.getElementById( \"ak_js_1\" ).setAttribute( \"value\", ( new Date() ).getTime() );\n\/* ]]> *\/\n<\/script>\n<\/p><div class=\"wpcf7-response-output\" aria-hidden=\"true\"><\/div>\n<\/form>\n<\/div>\n<\/span><\/h3>\n","protected":false},"excerpt":{"rendered":"<p>Cebola Professional m\u00e1quina de processamento Fornecedor Nossa f\u00e1brica \u00e9 a empresa, localizada no Oriente China. com conveniente ir e vir e localiza\u00e7\u00e3o geogr\u00e1fica vantajosa. Cobrindo uma \u00e1rea de 36.000 metros quadrados, a empresa, com investimento total de RMB 180 milh\u00f5es no projeto. Aderindo ao princ\u00edpio de gest\u00e3o cient\u00edfica e honestidade e de cr\u00e9dito, nossa f\u00e1brica passou ISO9001-2000 certifica\u00e7\u00e3o do sistema de qualidade. Agora, a nossa f\u00e1brica pode fornecer cebola m\u00e1quina de limpeza a seco, cebola m\u00e1quina de lavar roupa de \u00e1gua, cebola malha saco m\u00e1quina de embalagem, m\u00e1quina de descascar cebola, cebola m\u00e1quina de corte de raiz, m\u00e1quina de cebola de corte, m\u00e1quina de secar roupa cebola, linha de produ\u00e7\u00e3o de cebola em p\u00f3, cebola em p\u00f3 enchimento de garrafas de selagem . Nossos produtos de processamento de cebola passaram com CE, ISO e certificados do GV. Nossos produtos s\u00e3o amplamente vendidos em todo o mundo. N\u00f3s consideramos &#8220;de alta qualidade e credibilidade&#8221;, como nosso princ\u00edpio fundamental e visam a &#8230;<\/p>\n","protected":false},"author":1,"featured_media":0,"parent":0,"menu_order":0,"comment_status":"closed","ping_status":"closed","template":"","meta":{"footnotes":""},"class_list":["post-3667","page","type-page","status-publish","hentry"],"aioseo_notices":[],"_links":{"self":[{"href":"https:\/\/www.onionprocess.com\/pt-pt\/wp-json\/wp\/v2\/pages\/3667","targetHints":{"allow":["GET"]}}],"collection":[{"href":"https:\/\/www.onionprocess.com\/pt-pt\/wp-json\/wp\/v2\/pages"}],"about":[{"href":"https:\/\/www.onionprocess.com\/pt-pt\/wp-json\/wp\/v2\/types\/page"}],"author":[{"embeddable":true,"href":"https:\/\/www.onionprocess.com\/pt-pt\/wp-json\/wp\/v2\/users\/1"}],"replies":[{"embeddable":true,"href":"https:\/\/www.onionprocess.com\/pt-pt\/wp-json\/wp\/v2\/comments?post=3667"}],"version-history":[{"count":0,"href":"https:\/\/www.onionprocess.com\/pt-pt\/wp-json\/wp\/v2\/pages\/3667\/revisions"}],"wp:attachment":[{"href":"https:\/\/www.onionprocess.com\/pt-pt\/wp-json\/wp\/v2\/media?parent=3667"}],"curies":[{"name":"wp","href":"https:\/\/api.w.org\/{rel}","templated":true}]}}